{"id":472,"date":"2024-01-25T20:11:44","date_gmt":"2024-01-25T19:11:44","guid":{"rendered":"https:\/\/mourick.com\/wp\/?page_id=472"},"modified":"2025-11-03T18:38:09","modified_gmt":"2025-11-03T17:38:09","slug":"schwingungen","status":"publish","type":"page","link":"https:\/\/mourick.com\/wp\/schwingungen\/","title":{"rendered":"Schwingungen"},"content":{"rendered":"\t\t<div data-elementor-type=\"wp-page\" data-elementor-id=\"472\" class=\"elementor elementor-472\">\n\t\t\t\t<div class=\"elementor-element elementor-element-eba60f0 e-con-full e-flex e-con e-parent\" data-id=\"eba60f0\" data-element_type=\"container\" data-e-type=\"container\">\n\t\t\t\t<div class=\"elementor-element elementor-element-81f09aa elementor-widget elementor-widget-text-editor\" data-id=\"81f09aa\" data-element_type=\"widget\" data-e-type=\"widget\" data-widget_type=\"text-editor.default\">\n\t\t\t\t<div class=\"elementor-widget-container\">\n\t\t\t\t\t\t\t\t\t<h3 style=\"text-align: center;\" align=\"center\"><span style=\"color: #ff0000;\"><u><b>Warum m\u00fcssen <i>parasit\u00e4re Schwingungen<\/i> vermieden werden?<\/b><\/u><\/span><\/h3><ol style=\"color: #000000;\"><li><span style=\"color: #000000;\">Sie erzeugen EMV Probleme.<\/span><\/li><li><span style=\"color: #000000;\">Sie erzeugen zu gro\u00dfe unzul\u00e4ssige EMV Emissionen.<\/span><\/li><li><span style=\"color: #000000;\">Die Grenzen der gesetzlichen Vorschriften werden ggf. \u00fcberschritten!<\/span><\/li><li><span style=\"color: #000000;\">Sie gef\u00e4hrden den Schalter und die Steuerelektronik selbst.<\/span><\/li><li><span style=\"color: #000000;\">Ein Redesign eines fertigen Umrichters kostet sehr viel Geld und Zeit.<\/span><\/li><\/ol><p><span style=\"color: #000000;\">Es werden vier Typen von parasit\u00e4ren Schwingungen in der Leistungselektronik unterschieden:<\/span><\/p><ol style=\"color: #000000;\"><li><a href=\"#T1\">PETT-Schwingungen<\/a><span style=\"color: #000000;\">, PETT = Plasma Extraction Transit Time.<\/span><\/li><li><a href=\"#T2\">IMPATT-Schwingungen<\/a><span style=\"color: #000000;\">, IMPATT = IMPact Ionization Avalanche Transit Time.<\/span><\/li><li><a href=\"#T3a\">Linearschwingungen<\/a> <span style=\"color: #000000;\">und<\/span> <a href=\"#T3b\">Ents\u00e4ttigungsschwingungen<\/a>.<\/li><li><a href=\"#T4\">LC-Schwingungen<\/a>.<\/li><\/ol><p><span style=\"color: #000000;\"><a style=\"color: #000000;\" name=\"T1\"><\/a><u><b>PETT-Schwingungen, PETT = Plasma Extraction Transit Time<\/b><\/u><\/span><\/p><p><span style=\"color: #000000;\">Diese Schwingung ist ein Laufzeiteffekt. Am \u00dcbergang von Raumladungszone zu Plasma werden L\u00f6cherpakette erzeugt. Diese\u00a0 wandern mit einer definierten Laufzeit durch die Raumladungszone, modulieren das elektrische Feld und verz\u00f6gern die Spannungs\u00e4nderung \u00fcber das Bauelement. Hierdurch entsteht ein negativer Widerstand.<\/span><\/p>\t\t\t\t\t\t\t\t<\/div>\n\t\t\t\t<\/div>\n\t\t\t\t<div class=\"elementor-element elementor-element-7a7838b elementor-widget elementor-widget-image\" data-id=\"7a7838b\" data-element_type=\"widget\" data-e-type=\"widget\" data-widget_type=\"image.default\">\n\t\t\t\t<div class=\"elementor-widget-container\">\n\t\t\t\t\t\t\t\t\t\t\t\t\t\t\t<img fetchpriority=\"high\" decoding=\"async\" width=\"646\" height=\"436\" src=\"https:\/\/mourick.com\/wp\/wp-content\/uploads\/2024\/01\/Pett.png\" class=\"attachment-large size-large wp-image-52\" alt=\"\" srcset=\"https:\/\/mourick.com\/wp\/wp-content\/uploads\/2024\/01\/Pett.png 646w, https:\/\/mourick.com\/wp\/wp-content\/uploads\/2024\/01\/Pett-300x202.png 300w\" sizes=\"(max-width: 646px) 100vw, 646px\" \/>\t\t\t\t\t\t\t\t\t\t\t\t\t\t\t<\/div>\n\t\t\t\t<\/div>\n\t\t\t\t<div class=\"elementor-element elementor-element-22adc88 elementor-widget elementor-widget-text-editor\" data-id=\"22adc88\" data-element_type=\"widget\" data-e-type=\"widget\" data-widget_type=\"text-editor.default\">\n\t\t\t\t<div class=\"elementor-widget-container\">\n\t\t\t\t\t\t\t\t\t<p><span style=\"color: #000000;\">Die PETT-Schwingung in einer Diode. Simulationsergebnis von<\/span> <a href=\"https:\/\/mourick.com\/wp\/adios\/\">ADIOS<\/a><span style=\"color: #000000;\">.<\/span><\/p>\t\t\t\t\t\t\t\t<\/div>\n\t\t\t\t<\/div>\n\t\t\t\t<div class=\"elementor-element elementor-element-39486a5 elementor-widget elementor-widget-image\" data-id=\"39486a5\" data-element_type=\"widget\" data-e-type=\"widget\" data-widget_type=\"image.default\">\n\t\t\t\t<div class=\"elementor-widget-container\">\n\t\t\t\t\t\t\t\t\t\t\t\t\t\t\t<img decoding=\"async\" width=\"710\" height=\"431\" src=\"https:\/\/mourick.com\/wp\/wp-content\/uploads\/2024\/01\/Pett2.png\" class=\"attachment-large size-large wp-image-53\" alt=\"\" srcset=\"https:\/\/mourick.com\/wp\/wp-content\/uploads\/2024\/01\/Pett2.png 710w, https:\/\/mourick.com\/wp\/wp-content\/uploads\/2024\/01\/Pett2-300x182.png 300w\" sizes=\"(max-width: 710px) 100vw, 710px\" \/>\t\t\t\t\t\t\t\t\t\t\t\t\t\t\t<\/div>\n\t\t\t\t<\/div>\n\t\t\t\t<div class=\"elementor-element elementor-element-3b78539 elementor-widget elementor-widget-text-editor\" data-id=\"3b78539\" data-element_type=\"widget\" data-e-type=\"widget\" data-widget_type=\"text-editor.default\">\n\t\t\t\t<div class=\"elementor-widget-container\">\n\t\t\t\t\t\t\t\t\t<p><span style=\"color: #000000;\">Schematische Erkl\u00e4rung von dem Schwingungsmechanismus im Halbleiter. Der Zusammenhang zwischen den L\u00f6cherpaketen und dem Feld bei einer PETT-Schwingung. Von rechts nach links wird die Spannung \u00fcber die Diode stetig kleiner.<\/span><\/p><p><span style=\"color: #000000;\"><a style=\"color: #000000;\" name=\"T2\"><\/a><u><b>IMPATT-Schwingungen, IMPATT = IMPact Ionization Avalanche Transit Time<\/b><\/u><\/span><\/p><p><span style=\"color: #000000;\">Diese Schwingung ist ebenfalls ein Laufzeiteffekt. Am pn-\u00dcbergang werden bei hoher Feldst\u00e4rke L\u00f6cher- und Elektronenpakete erzeugt. Die Elektronen\u00a0 wandern mit einer definierten Laufzeit durch die Raumladungszone, modulieren das elektrische Feld und verz\u00f6gern die Spannungs\u00e4nderung \u00fcber das Bauelement. Hierdurch entsteht ein negativer Widerstand.<\/span><\/p>\t\t\t\t\t\t\t\t<\/div>\n\t\t\t\t<\/div>\n\t\t\t\t<div class=\"elementor-element elementor-element-0e963a4 elementor-widget elementor-widget-image\" data-id=\"0e963a4\" data-element_type=\"widget\" data-e-type=\"widget\" data-widget_type=\"image.default\">\n\t\t\t\t<div class=\"elementor-widget-container\">\n\t\t\t\t\t\t\t\t\t\t\t\t\t\t\t<img decoding=\"async\" width=\"503\" height=\"462\" src=\"https:\/\/mourick.com\/wp\/wp-content\/uploads\/2024\/01\/Impatt.png\" class=\"attachment-large size-large wp-image-44\" alt=\"\" srcset=\"https:\/\/mourick.com\/wp\/wp-content\/uploads\/2024\/01\/Impatt.png 503w, https:\/\/mourick.com\/wp\/wp-content\/uploads\/2024\/01\/Impatt-300x276.png 300w\" sizes=\"(max-width: 503px) 100vw, 503px\" \/>\t\t\t\t\t\t\t\t\t\t\t\t\t\t\t<\/div>\n\t\t\t\t<\/div>\n\t\t\t\t<div class=\"elementor-element elementor-element-001db23 elementor-widget elementor-widget-text-editor\" data-id=\"001db23\" data-element_type=\"widget\" data-e-type=\"widget\" data-widget_type=\"text-editor.default\">\n\t\t\t\t<div class=\"elementor-widget-container\">\n\t\t\t\t\t\t\t\t\t<p><span style=\"color: #000000;\">Die Abschaltung einer 8kV-Diode mit einer IMPATT-Schwingung, die hier durch einen R\u00fcckstromabriss angesto\u00dfen wird. Nach der IMPATT-Schwingung setzt eine LC-Schwingung ein. Dieses Simulationsergebnis stammt aus: &#8222;Das Abschaltverhalten von Leistungsdioden.&#8220; Dissertation, Berlin 1988 von Paul Mourick. Siehe<\/span> <a href=\"https:\/\/mourick.com\/wp\/downloads\/\">Downloads<\/a>.<\/p>\t\t\t\t\t\t\t\t<\/div>\n\t\t\t\t<\/div>\n\t\t\t\t<div class=\"elementor-element elementor-element-5474448 elementor-widget elementor-widget-image\" data-id=\"5474448\" data-element_type=\"widget\" data-e-type=\"widget\" data-widget_type=\"image.default\">\n\t\t\t\t<div class=\"elementor-widget-container\">\n\t\t\t\t\t\t\t\t\t\t\t\t\t\t\t<img loading=\"lazy\" decoding=\"async\" width=\"698\" height=\"398\" src=\"https:\/\/mourick.com\/wp\/wp-content\/uploads\/2024\/01\/Impatt2.png\" class=\"attachment-large size-large wp-image-45\" alt=\"\" srcset=\"https:\/\/mourick.com\/wp\/wp-content\/uploads\/2024\/01\/Impatt2.png 698w, https:\/\/mourick.com\/wp\/wp-content\/uploads\/2024\/01\/Impatt2-300x171.png 300w\" sizes=\"(max-width: 698px) 100vw, 698px\" \/>\t\t\t\t\t\t\t\t\t\t\t\t\t\t\t<\/div>\n\t\t\t\t<\/div>\n\t\t\t\t<div class=\"elementor-element elementor-element-7f8a8a8 elementor-widget elementor-widget-text-editor\" data-id=\"7f8a8a8\" data-element_type=\"widget\" data-e-type=\"widget\" data-widget_type=\"text-editor.default\">\n\t\t\t\t<div class=\"elementor-widget-container\">\n\t\t\t\t\t\t\t\t\t<p><span style=\"color: #000000;\">Schematische Erkl\u00e4rung von dem Schwingungsmechanismus im Halbleiter. Der Zusammenhang zwischen den Elektronen- paketen und dem Feld bei einer IMPATT-Schwingung. Von links nach rechts wird die Spannung \u00fcber die Diode stetig kleiner.<\/span><\/p><p><span style=\"color: #000000;\"><a style=\"color: #000000;\" name=\"T3a\"><\/a><u><b>Linearschwingungen<\/b><\/u><\/span><\/p><p><span style=\"color: #000000;\">Linearschwingungen wurden bereits vor mehr als 20 Jahre bei MOSFETs festgestellt. Siehe:<\/span><br \/><span style=\"color: #000000;\">MOSPOWER Applications Handbook, Rudy Severns und Jack Armijos<\/span><br \/><span style=\"color: #000000;\">ISBN 0-930519-00-0 \u00a9 1984 von Siliconix incorporated Santa Clara, California 95054<\/span><\/p>\t\t\t\t\t\t\t\t<\/div>\n\t\t\t\t<\/div>\n\t\t\t\t<div class=\"elementor-element elementor-element-78677e1 elementor-widget elementor-widget-image\" data-id=\"78677e1\" data-element_type=\"widget\" data-e-type=\"widget\" data-widget_type=\"image.default\">\n\t\t\t\t<div class=\"elementor-widget-container\">\n\t\t\t\t\t\t\t\t\t\t\t\t\t\t\t<img loading=\"lazy\" decoding=\"async\" width=\"630\" height=\"476\" src=\"https:\/\/mourick.com\/wp\/wp-content\/uploads\/2024\/01\/Linear.png\" class=\"attachment-large size-large wp-image-47\" alt=\"\" srcset=\"https:\/\/mourick.com\/wp\/wp-content\/uploads\/2024\/01\/Linear.png 630w, https:\/\/mourick.com\/wp\/wp-content\/uploads\/2024\/01\/Linear-300x227.png 300w\" sizes=\"(max-width: 630px) 100vw, 630px\" \/>\t\t\t\t\t\t\t\t\t\t\t\t\t\t\t<\/div>\n\t\t\t\t<\/div>\n\t\t\t\t<div class=\"elementor-element elementor-element-412240a elementor-widget elementor-widget-text-editor\" data-id=\"412240a\" data-element_type=\"widget\" data-e-type=\"widget\" data-widget_type=\"text-editor.default\">\n\t\t\t\t<div class=\"elementor-widget-container\">\n\t\t\t\t\t\t\t\t\t<p><span style=\"color: #000000;\">Schematische Erkl\u00e4rung von dem Schwingungsmechanismus. Der MOSFET mit seinen parasit\u00e4ren Kapazit\u00e4ten ist eingebettet in einem Netzwerk von parasit\u00e4ren Induktivit\u00e4ten. In Verbindung mit der Steilheit S = dI<sub>D<\/sub>\/dV<sub>GS<\/sub>\u00a0 kann eine schwingungsf\u00e4hige Schaltung schon bei einem einzelnen MOSFET oder IGBT entstehen. Der Gatevorwiderstand R<sub>g<\/sub> hat einen starken Einfluss auf die Schwingungsf\u00e4higkeit.<\/span><\/p><p><span style=\"color: #000000;\"><a style=\"color: #000000;\" name=\"T3b\"><\/a><u><b>Ents\u00e4ttigungsschwingungen<\/b><\/u> sind ein nicht linearer Sonderfall von Linearschwingungen. Sie k\u00f6nnen insbesondere w\u00e4hrend eines Kurzschlusses auftreten.<\/span><\/p><p><span style=\"color: #000000;\"><a style=\"color: #000000;\" name=\"T4\"><\/a><u><b>LC-Schwingungen<\/b><\/u><\/span><\/p><p><span style=\"color: #000000;\">Sie k\u00f6nnen in folgenden Situationen auftreten:<\/span><\/p><ol style=\"color: #000000;\"><li><span style=\"color: #000000;\">Beim Abrei\u00dfen des Stromes einer Diode, eines MOSFETs oder eines IGBTs. Es entsteht eine leicht ged\u00e4mpfte Schwingung von der Kapazit\u00e4t im Bauelement (hier im Bild C<sub>ce<\/sub>) mit der parasit\u00e4ren Zwischenkreisinduktivit\u00e4t.<\/span><\/li><li><span style=\"color: #000000;\">Nach einem Abschaltvorgang im Zwischenkreis zwischen Impuls- und Elektrolytkondensatoren.<\/span><\/li><\/ol>\t\t\t\t\t\t\t\t<\/div>\n\t\t\t\t<\/div>\n\t\t\t\t<div class=\"elementor-element elementor-element-bfa838d elementor-widget elementor-widget-image\" data-id=\"bfa838d\" data-element_type=\"widget\" data-e-type=\"widget\" data-widget_type=\"image.default\">\n\t\t\t\t<div class=\"elementor-widget-container\">\n\t\t\t\t\t\t\t\t\t\t\t\t\t\t\t<img loading=\"lazy\" decoding=\"async\" width=\"669\" height=\"497\" src=\"https:\/\/mourick.com\/wp\/wp-content\/uploads\/2024\/01\/LC.png\" class=\"attachment-large size-large wp-image-46\" alt=\"\" srcset=\"https:\/\/mourick.com\/wp\/wp-content\/uploads\/2024\/01\/LC.png 669w, https:\/\/mourick.com\/wp\/wp-content\/uploads\/2024\/01\/LC-300x223.png 300w\" sizes=\"(max-width: 669px) 100vw, 669px\" \/>\t\t\t\t\t\t\t\t\t\t\t\t\t\t\t<\/div>\n\t\t\t\t<\/div>\n\t\t\t\t<div class=\"elementor-element elementor-element-f1c1cd5 elementor-widget elementor-widget-text-editor\" data-id=\"f1c1cd5\" data-element_type=\"widget\" data-e-type=\"widget\" data-widget_type=\"text-editor.default\">\n\t\t\t\t<div class=\"elementor-widget-container\">\n\t\t\t\t\t\t\t\t\t<p><span style=\"color: #000000;\">Schematische Erkl\u00e4rung von den Schwingungsmechanismen. Vereinfachte Betrachtung mit zwei Schwingkreisen:<\/span><\/p><div align=\"left\"><span style=\"color: #000000;\">1. C<sub>ce<\/sub> mit L<sub>p<\/sub>+L<sub>n<\/sub>-2M und<\/span><\/div><div align=\"left\"><span style=\"color: #000000;\">2. C<sub>1<\/sub> mit 2*ESL+L<sub>1<\/sub><\/span><\/div>\t\t\t\t\t\t\t\t<\/div>\n\t\t\t\t<\/div>\n\t\t\t\t<\/div>\n\t\t\t\t<\/div>\n\t\t","protected":false},"excerpt":{"rendered":"<p>Warum m\u00fcssen parasit\u00e4re Schwingungen vermieden werden? Sie erzeugen EMV Probleme. Sie erzeugen zu gro\u00dfe unzul\u00e4ssige EMV Emissionen. Die Grenzen der gesetzlichen Vorschriften werden ggf. \u00fcberschritten! Sie gef\u00e4hrden den Schalter und die Steuerelektronik selbst. Ein Redesign eines fertigen Umrichters kostet sehr viel Geld und Zeit. Es werden vier Typen von parasit\u00e4ren Schwingungen in der Leistungselektronik unterschieden: [&hellip;]<\/p>\n","protected":false},"author":1,"featured_media":0,"parent":0,"menu_order":0,"comment_status":"closed","ping_status":"closed","template":"","meta":{"footnotes":""},"class_list":["post-472","page","type-page","status-publish","hentry"],"blocksy_meta":[],"_links":{"self":[{"href":"https:\/\/mourick.com\/wp\/wp-json\/wp\/v2\/pages\/472","targetHints":{"allow":["GET"]}}],"collection":[{"href":"https:\/\/mourick.com\/wp\/wp-json\/wp\/v2\/pages"}],"about":[{"href":"https:\/\/mourick.com\/wp\/wp-json\/wp\/v2\/types\/page"}],"author":[{"embeddable":true,"href":"https:\/\/mourick.com\/wp\/wp-json\/wp\/v2\/users\/1"}],"replies":[{"embeddable":true,"href":"https:\/\/mourick.com\/wp\/wp-json\/wp\/v2\/comments?post=472"}],"version-history":[{"count":0,"href":"https:\/\/mourick.com\/wp\/wp-json\/wp\/v2\/pages\/472\/revisions"}],"wp:attachment":[{"href":"https:\/\/mourick.com\/wp\/wp-json\/wp\/v2\/media?parent=472"}],"curies":[{"name":"wp","href":"https:\/\/api.w.org\/{rel}","templated":true}]}}